{"id":1225,"date":"2022-03-22T14:58:58","date_gmt":"2022-03-22T14:58:58","guid":{"rendered":"https:\/\/comtemp.com.pt\/certifications\/"},"modified":"2023-03-08T18:16:52","modified_gmt":"2023-03-08T18:16:52","slug":"certifications","status":"publish","type":"page","link":"https:\/\/comtemp.com.pt\/fr\/certifications\/","title":{"rendered":"Certifications"},"content":{"rendered":"<section class=\"hero-page\" data-controller=\"blocks\/HeroPage\" headerColor=\"light\"> \n\n  <div class=\"hero-page__backgrd\" style=\"background-image: url('https:\/\/comtemp.com.pt\/wp-content\/uploads\/2022\/10\/macas-1536x1153.jpg')\">  <\/div>\n  <div class=\"container\">\n    <div class=\"hero-page__txt\">\n      <div class=\"hero-page__txt-box\">\n        <h1 class=\"js-title\"> Certifications<\/h1>\n      <\/div>\n      <div class=\"hero-page__txt-box\">\n        <p> Comtemp\u00ae dispose de produits certifi\u00e9s Kosher, ses produits respectent donc des r\u00e8gles sp\u00e9cifiques concernant l&#8217;alimentation de la communaut\u00e9 juive. Selon le produit et la g\u00e9ographie, Comtemp propose \u00e0 ses clients la certification Beit Yosef ou OK. <\/p>\n      <\/div>\n    <\/div>\n    <div class=\"hero-page__stripe\"> <\/div>\n  <\/div>\n<\/section>\n\n<section class=\"text-image-page \" > \n  <div class=\"container\">\n    <div class=\"row text-image-page__column-txt-img\">\n      <div class=\"text-image-page__image\">\n        <div class=\"text-image-page__image-wrap\">\n                      <div class=\"text-image-page__image-wrap-second\">\n              <img decoding=\"async\" src=\"https:\/\/comtemp.com.pt\/wp-content\/uploads\/2022\/10\/maos-768x511.jpg\" \/>\n            <\/div>\n                    <div class=\"text-image-page__image-wrap-primary\">\n            <img decoding=\"async\" src=\"https:\/\/comtemp.com.pt\/wp-content\/uploads\/2022\/10\/vindemia-winery-MyOLEH2DKjs-unsplash-768x1152.jpg\" \/>\n          <\/div>\n        <\/div>\n      <\/div>\n      <div class=\"text-image-page__info\">\n        <div class=\"text-image-page__info-wrap\">\n          <h5>Marques renomm\u00e9es<\/h5>\n          <h3><i>Normes<\/i> alimentaires et religieuses<\/h3>\n          <p>Tous nos produits ne contiennent pas d&#8217;organismes g\u00e9n\u00e9tiquement modifi\u00e9s (NON-OGM) et respectent les r\u00e8gles alimentaires juives (kasher) et islamiques (halal). Tous nos produits ne contiennent pas d&#8217;organismes g\u00e9n\u00e9tiquement modifi\u00e9s (NON-OGM) et respectent les r\u00e8gles alimentaires juives (kasher) et islamiques (halal).<\/p>\n                  <\/div>\n      <\/div>\n    <\/div>\n  <\/div>\n<\/section>\n\n<section class=\"certifications\">\n  <div class=\"container\">\n    <div class=\"row align-items-center justify-content-center\">\n      <div class=\"certifications__info\">\n        <div class=\"certifications__info-wrap\">\n          <h3><i>Certifications<\/i><\/h3>\n          <p><\/p>\n        <\/div>\n      <\/div>\n      <div class=\"certifications__table\">\n        <div class=\"certifications__table-wrap justify-content-start\">\n                    <div class=\"certifications__table-wrap-box\">\n            <img decoding=\"async\" src=\"https:\/\/comtemp.com.pt\/wp-content\/uploads\/2022\/04\/vegetariano.png\" \/>\n          <\/div>\n                    <div class=\"certifications__table-wrap-box\">\n            <img decoding=\"async\" src=\"https:\/\/comtemp.com.pt\/wp-content\/uploads\/2022\/04\/vegan.png\" \/>\n          <\/div>\n                    <div class=\"certifications__table-wrap-box\">\n            <img decoding=\"async\" src=\"https:\/\/comtemp.com.pt\/wp-content\/uploads\/2022\/04\/brgcs.png\" \/>\n          <\/div>\n                    <div class=\"certifications__table-wrap-box\">\n            <img decoding=\"async\" src=\"https:\/\/comtemp.com.pt\/wp-content\/uploads\/2022\/04\/halal.png\" \/>\n          <\/div>\n                    <div class=\"certifications__table-wrap-box\">\n            <img decoding=\"async\" src=\"https:\/\/comtemp.com.pt\/wp-content\/uploads\/2022\/04\/IFS.png\" \/>\n          <\/div>\n                    <div class=\"certifications__table-wrap-box\">\n            <img decoding=\"async\" src=\"https:\/\/comtemp.com.pt\/wp-content\/uploads\/2022\/04\/kosher.png\" \/>\n          <\/div>\n                    <div class=\"certifications__table-wrap-box\">\n            <img decoding=\"async\" src=\"https:\/\/comtemp.com.pt\/wp-content\/uploads\/2022\/04\/bio.png\" \/>\n          <\/div>\n                    <div class=\"certifications__table-wrap-box\">\n            <img decoding=\"async\" src=\"https:\/\/comtemp.com.pt\/wp-content\/uploads\/2022\/04\/logo_kosher.png\" \/>\n          <\/div>\n                  <\/div>\n      <\/div>\n    <\/div>\n  <\/div>\n<\/section>","protected":false},"excerpt":{"rendered":"","protected":false},"author":2,"featured_media":0,"parent":0,"menu_order":0,"comment_status":"closed","ping_status":"closed","template":"","meta":{"footnotes":""},"class_list":["post-1225","page","type-page","status-publish","hentry"],"yoast_head":"<!-- This site is optimized with the Yoast SEO plugin v18.3 - https:\/\/yoast.com\/wordpress\/plugins\/seo\/ -->\n<title>Certifications - Comtemp<\/title>\n<meta name=\"robots\" content=\"index, follow, max-snippet:-1, max-image-preview:large, max-video-preview:-1\" \/>\n<link rel=\"canonical\" href=\"https:\/\/comtemp.com.pt\/fr\/certifications\/\" \/>\n<meta property=\"og:locale\" content=\"fr_FR\" \/>\n<meta property=\"og:type\" content=\"article\" \/>\n<meta property=\"og:title\" content=\"Certifications - Comtemp\" \/>\n<meta property=\"og:url\" content=\"https:\/\/comtemp.com.pt\/fr\/certifications\/\" \/>\n<meta property=\"og:site_name\" content=\"Comtemp\" \/>\n<meta property=\"article:modified_time\" content=\"2023-03-08T18:16:52+00:00\" \/>\n<meta name=\"twitter:card\" content=\"summary_large_image\" \/>\n<script type=\"application\/ld+json\" class=\"yoast-schema-graph\">{\"@context\":\"https:\/\/schema.org\",\"@graph\":[{\"@type\":\"WebSite\",\"@id\":\"https:\/\/comtemp.com.pt\/#website\",\"url\":\"https:\/\/comtemp.com.pt\/\",\"name\":\"Comtemp\",\"description\":\"A Comtemp \u00e9 uma empresa de produtos de consumo, baseados e derivados de vinagre ou fermentados, orientada para sistemas alimentares de futuro e wellness. Descubra as nossas marcas e tudo o que podemos fazer pela sua!\",\"potentialAction\":[{\"@type\":\"SearchAction\",\"target\":{\"@type\":\"EntryPoint\",\"urlTemplate\":\"https:\/\/comtemp.com.pt\/?s={search_term_string}\"},\"query-input\":\"required name=search_term_string\"}],\"inLanguage\":\"fr-FR\"},{\"@type\":\"WebPage\",\"@id\":\"https:\/\/comtemp.com.pt\/fr\/certifications\/#webpage\",\"url\":\"https:\/\/comtemp.com.pt\/fr\/certifications\/\",\"name\":\"Certifications - Comtemp\",\"isPartOf\":{\"@id\":\"https:\/\/comtemp.com.pt\/#website\"},\"datePublished\":\"2022-03-22T14:58:58+00:00\",\"dateModified\":\"2023-03-08T18:16:52+00:00\",\"breadcrumb\":{\"@id\":\"https:\/\/comtemp.com.pt\/fr\/certifications\/#breadcrumb\"},\"inLanguage\":\"fr-FR\",\"potentialAction\":[{\"@type\":\"ReadAction\",\"target\":[\"https:\/\/comtemp.com.pt\/fr\/certifications\/\"]}]},{\"@type\":\"BreadcrumbList\",\"@id\":\"https:\/\/comtemp.com.pt\/fr\/certifications\/#breadcrumb\",\"itemListElement\":[{\"@type\":\"ListItem\",\"position\":1,\"name\":\"In\u00edcio\",\"item\":\"https:\/\/comtemp.com.pt\/fr\/\"},{\"@type\":\"ListItem\",\"position\":2,\"name\":\"Certifications\"}]}]}<\/script>\n<!-- \/ Yoast SEO plugin. -->","yoast_head_json":{"title":"Certifications - Comtemp","robots":{"index":"index","follow":"follow","max-snippet":"max-snippet:-1","max-image-preview":"max-image-preview:large","max-video-preview":"max-video-preview:-1"},"canonical":"https:\/\/comtemp.com.pt\/fr\/certifications\/","og_locale":"fr_FR","og_type":"article","og_title":"Certifications - Comtemp","og_url":"https:\/\/comtemp.com.pt\/fr\/certifications\/","og_site_name":"Comtemp","article_modified_time":"2023-03-08T18:16:52+00:00","twitter_card":"summary_large_image","schema":{"@context":"https:\/\/schema.org","@graph":[{"@type":"WebSite","@id":"https:\/\/comtemp.com.pt\/#website","url":"https:\/\/comtemp.com.pt\/","name":"Comtemp","description":"A Comtemp \u00e9 uma empresa de produtos de consumo, baseados e derivados de vinagre ou fermentados, orientada para sistemas alimentares de futuro e wellness. Descubra as nossas marcas e tudo o que podemos fazer pela sua!","potentialAction":[{"@type":"SearchAction","target":{"@type":"EntryPoint","urlTemplate":"https:\/\/comtemp.com.pt\/?s={search_term_string}"},"query-input":"required name=search_term_string"}],"inLanguage":"fr-FR"},{"@type":"WebPage","@id":"https:\/\/comtemp.com.pt\/fr\/certifications\/#webpage","url":"https:\/\/comtemp.com.pt\/fr\/certifications\/","name":"Certifications - Comtemp","isPartOf":{"@id":"https:\/\/comtemp.com.pt\/#website"},"datePublished":"2022-03-22T14:58:58+00:00","dateModified":"2023-03-08T18:16:52+00:00","breadcrumb":{"@id":"https:\/\/comtemp.com.pt\/fr\/certifications\/#breadcrumb"},"inLanguage":"fr-FR","potentialAction":[{"@type":"ReadAction","target":["https:\/\/comtemp.com.pt\/fr\/certifications\/"]}]},{"@type":"BreadcrumbList","@id":"https:\/\/comtemp.com.pt\/fr\/certifications\/#breadcrumb","itemListElement":[{"@type":"ListItem","position":1,"name":"In\u00edcio","item":"https:\/\/comtemp.com.pt\/fr\/"},{"@type":"ListItem","position":2,"name":"Certifications"}]}]}},"acf":[],"_links":{"self":[{"href":"https:\/\/comtemp.com.pt\/fr\/wp-json\/wp\/v2\/pages\/1225","targetHints":{"allow":["GET"]}}],"collection":[{"href":"https:\/\/comtemp.com.pt\/fr\/wp-json\/wp\/v2\/pages"}],"about":[{"href":"https:\/\/comtemp.com.pt\/fr\/wp-json\/wp\/v2\/types\/page"}],"author":[{"embeddable":true,"href":"https:\/\/comtemp.com.pt\/fr\/wp-json\/wp\/v2\/users\/2"}],"replies":[{"embeddable":true,"href":"https:\/\/comtemp.com.pt\/fr\/wp-json\/wp\/v2\/comments?post=1225"}],"version-history":[{"count":5,"href":"https:\/\/comtemp.com.pt\/fr\/wp-json\/wp\/v2\/pages\/1225\/revisions"}],"predecessor-version":[{"id":1231,"href":"https:\/\/comtemp.com.pt\/fr\/wp-json\/wp\/v2\/pages\/1225\/revisions\/1231"}],"wp:attachment":[{"href":"https:\/\/comtemp.com.pt\/fr\/wp-json\/wp\/v2\/media?parent=1225"}],"curies":[{"name":"wp","href":"https:\/\/api.w.org\/{rel}","templated":true}]}}