{"id":1221,"date":"2022-03-22T14:58:25","date_gmt":"2022-03-22T14:58:25","guid":{"rendered":"https:\/\/comtemp.com.pt\/nos-marques\/"},"modified":"2023-03-08T18:07:38","modified_gmt":"2023-03-08T18:07:38","slug":"nos-marques","status":"publish","type":"page","link":"https:\/\/comtemp.com.pt\/fr\/nos-marques\/","title":{"rendered":"Nos marques"},"content":{"rendered":"<section class=\"hero-page\" data-controller=\"blocks\/HeroPage\" headerColor=\"light\"> \n\n  <div class=\"hero-page__backgrd\" style=\"background-image: url('https:\/\/comtemp.com.pt\/wp-content\/uploads\/2022\/10\/CRISTALLIVE-2-1536x868.jpg')\">  <\/div>\n  <div class=\"container\">\n    <div class=\"hero-page__txt\">\n      <div class=\"hero-page__txt-box\">\n        <h1 class=\"js-title\"> Nos marques<\/h1>\n      <\/div>\n      <div class=\"hero-page__txt-box\">\n        <p> Comtemp\u00ae dispose d&#8217;une gamme de produits tr\u00e8s compl\u00e8te, de la fabrication de vinaigres, sauces et condiments, vins effervescents et effervescents et autres produits alimentaires aux d\u00e9sinfectants naturels pour surfaces. <\/p>\n      <\/div>\n    <\/div>\n    <div class=\"hero-page__stripe\"> <\/div>\n  <\/div>\n<\/section>\n\n<section class=\"logo-rows\">\n  <div class=\"logo-rows__wrapper\">\n                  <div class=\"logo-rows__item\">\n                      <div class=\"logo-rows__title mobile\">\n              <h4>Cristal<\/h4>\n            <\/div>\n                                <div class=\"logo-rows__img\">\n              <img decoding=\"async\" src=\"https:\/\/comtemp.com.pt\/wp-content\/uploads\/2022\/04\/brand.png\" alt=\"\">\n            <\/div>\n          \n                      <div class=\"logo-rows__content\">\n              <div class=\"logo-rows__title desktop\">\n                <h4>Cristal<\/h4>\n              <\/div>\n              <div class=\"logo-rows__description logo-rows__description--half\">\n                <p>La marque Cristal a \u00e9t\u00e9 enregistr\u00e9e en 1939 et est sur le march\u00e9 depuis plus de 75 ans.<br \/>\r\n<br \/>\r\nIl a commenc\u00e9 dans une bouteille en verre, le conditionnement disponible \u00e0 l&#8217;\u00e9poque, et a ensuite adopt\u00e9 la burette en poly\u00e9thyl\u00e8ne, qui lui a valu un grand succ\u00e8s. Plus tard, dans les ann\u00e9es 1990, elle passe \u00e0 des emballages en PET d\u00e9velopp\u00e9s sp\u00e9cialement pour la marque, assurant une meilleure conservation du produit.<br \/>\r\n<br \/>\r\nEn 1985, la marque Cristal Gourmet est cr\u00e9\u00e9e afin de couvrir d&#8217;autres types de cibles, \u00e0 savoir les amateurs de vinaigre \u00ab \u00e0 l&#8217;ancienne \u00bb (ar\u00f4me prononc\u00e9 et acidit\u00e9 intense). La marque Cristal a suivi le march\u00e9 avec dynamisme au fil des ann\u00e9es, lan\u00e7ant de nouvelles saveurs et ar\u00f4mes.<\/p>\n\n                                  <div class=\"logo-rows__link\">\n                    <a href=\"https:\/\/www.cristal.pt\/\" class=\"btn\" target=\"_blank\">Ver site\n                      <svg xmlns=\"http:\/\/www.w3.org\/2000\/svg\" id=\"a\" width=\"138\" height=\"42\" viewBox=\"0 0 138 42\" preserveAspectRatio=\"none\" class=\"\">\n  <path d=\"M112.9,9.7L112.9,9.7c-1.5-0.6-2.9-1.2-4.5-1.7c-1.5-0.5-3.1-1-4.7-1.5s-3.2-0.9-4.8-1.3   c-1.6-0.4-3.3-0.7-4.9-1c-6.6-1.2-13.5-1.9-20.4-2.2c-3.5-0.1-6.9-0.2-10.4-0.2c-3.5,0-6.9,0.1-10.4,0.3C46,2.5,39.2,3.3,32.6,4.6   c-3.3,0.7-6.5,1.4-9.7,2.3c-3.1,0.9-6.1,2-8.9,3.2c-0.7,0.3-1.4,0.6-2,1c-0.3,0.2-0.7,0.3-1,0.5L10.5,12L10,12.2   c-0.6,0.4-1.2,0.8-1.8,1.1c-0.6,0.4-1.1,0.8-1.6,1.2c-0.5,0.4-0.9,0.9-1.4,1.3c-0.4,0.5-0.8,0.9-1.1,1.4s-0.5,1-0.7,1.5   c-0.2,0.5-0.3,1-0.3,1.5c0,0.5,0,1,0.1,1.5c0.1,0.5,0.3,1,0.5,1.5c0.5,1,1.2,2,2,2.9c1.8,1.8,4.2,3.4,6.8,4.7   c1.3,0.7,2.7,1.3,4.2,1.9c1.5,0.6,3,1.1,4.5,1.6c3.1,1,6.3,1.8,9.6,2.4c3.3,0.7,6.6,1.2,10,1.7c1.7,0.2,3.4,0.4,5.1,0.6   c1.7,0.2,3.4,0.3,5.2,0.4c3.4,0.2,6.9,0.4,10.4,0.5c3.5,0.1,6.9,0.1,10.4,0.1c6.9-0.1,13.9-0.3,20.8-1c1.7-0.2,3.4-0.3,5.1-0.5   s3.4-0.4,5.1-0.7c3.4-0.5,6.7-1.1,10-1.8s6.4-1.6,9.4-2.7c0.8-0.3,1.5-0.6,2.2-0.9c0.7-0.3,1.4-0.6,2.1-1c1.4-0.7,2.7-1.4,3.8-2.2   c1.2-0.8,2.2-1.7,3-2.6s1.5-1.9,1.8-3c0.4-1,0.4-2.1,0.2-3.2c-0.2-1.1-0.7-2.1-1.4-3.1c-0.7-1-1.6-1.9-2.6-2.8   c-1-0.9-2.1-1.8-3.3-2.6c-2.4-1.6-5.1-3.1-7.9-4.4s-5.8-2.5-8.8-3.6c-1.5-0.5-3.1-1-4.6-1.5c-1.6-0.5-3.2-0.9-4.8-1.3\" fill=\"none\" fill-rule=\"evenodd\" stroke=\"#e58e1a\" stroke-miterlimit=\"10\" stroke-width=\".5\"\/>\n\t<path d=\"M113.3,9.7c-1.5-0.6-2.9-1.2-4.5-1.7c-1.5-0.5-3.1-1-4.7-1.5s-3.2-0.9-4.8-1.3c-1.6-0.4-3.3-0.7-4.9-1   C87.8,2.9,80.9,2.2,74,1.9c-3.5-0.1-6.9-0.2-10.4-0.2c-3.5,0-6.9,0.1-10.4,0.3c-6.9,0.4-16.7,1.2-23.3,2.5   c-3.3,0.7-6.5,1.4-9.7,2.3c-3.1,0.9-6.1,2-8.9,3.2c-0.7,0.3-1.4,0.6-2,1c-0.3,0.2-0.7,0.3-1,0.5L7.8,12l-0.5,0.3   c-0.6,0.4-1.2,0.8-1.8,1.1C5,13.8,4.5,14.2,4,14.6c-0.5,0.4-1,0.9-1.4,1.3c-0.4,0.5-0.8,0.9-1.1,1.4s-0.5,1-0.7,1.5   c-0.2,0.5-0.3,1-0.3,1.5c0,0.5,0,1,0.1,1.5c0.1,0.5,0.3,1,0.5,1.5c0.5,1,1.2,2,2.1,2.9C5,28.1,7.4,29.7,10,31   c1.3,0.7,2.7,1.3,4.2,1.9c1.5,0.6,3,1.1,4.5,1.6c3.1,1,6.3,1.8,9.6,2.4c3.3,0.7,9.6,1.2,13,1.7c1.7,0.2,3.4,0.4,5.1,0.6   c1.7,0.2,3.4,0.3,5.2,0.4C55,39.8,58.5,40,62,40.1c3.5,0.1,6.9,0.1,10.4,0.1c6.9-0.1,13.9-0.3,20.8-1c1.7-0.2,3.4-0.3,5.1-0.5   s3.4-0.4,5.1-0.7c3.4-0.5,6.7-1.1,10-1.8c4.6-1,9.2-1.8,13.6-3.6c0.7-0.3,1.4-0.6,2.1-1c1.4-0.7,2.6-1.4,3.8-2.2   c1.2-0.8,2.2-1.7,3-2.6s1.5-1.9,1.8-3c0.4-1,0.4-2.1,0.2-3.2c-0.2-1.1-0.7-2.1-1.4-3.1c-0.7-1-1.6-1.9-2.6-2.8   c-1-0.9-2.1-1.8-3.3-2.6c-2.2-1.5-4.6-2.6-6.9-3.7c-2.8-1.3-5.6-2.4-8.5-3.4c-2.6-0.9-5.3-1.7-7.9-2.5c-1.6-0.5-3.2-0.9-4.8-1.3\" fill=\"none\" fill-rule=\"evenodd\" stroke=\"#e58e1a\" stroke-miterlimit=\"10\" stroke-width=\".5\"\/>\n<\/svg>\n                    <\/a>\n                  <\/div>\n                              <\/div>\n            <\/div>\n                  <\/div>\n              <div class=\"logo-rows__item\">\n                      <div class=\"logo-rows__title mobile\">\n              <h4>Lez\u00edria<\/h4>\n            <\/div>\n                                <div class=\"logo-rows__img\">\n              <img decoding=\"async\" src=\"https:\/\/comtemp.com.pt\/wp-content\/uploads\/2022\/04\/brand-1.png\" alt=\"\">\n            <\/div>\n          \n                      <div class=\"logo-rows__content\">\n              <div class=\"logo-rows__title desktop\">\n                <h4>Lez\u00edria<\/h4>\n              <\/div>\n              <div class=\"logo-rows__description logo-rows__description--full\">\n                <p>Les marais du ribatejo, avec ses couleurs riches et des parfums intenses, ont \u00e9t\u00e9 la source d&#8217;inspiration pour la cr\u00e9ation en 1959 de la marque LEZIRIA.<br \/>\r\nLe vinaigre de Lez\u00edria est devenu une r\u00e9f\u00e9rence nationale et un symbole du Portugal dans les communaut\u00e9s portugaises aux quatre coins du monde, maintenant ainsi le lien avec les racines de la terre et les traditions qui lui sont si famili\u00e8res.<\/p>\n\n                              <\/div>\n            <\/div>\n                  <\/div>\n              <div class=\"logo-rows__item\">\n                      <div class=\"logo-rows__title mobile\">\n              <h4>Salador<\/h4>\n            <\/div>\n                                <div class=\"logo-rows__img\">\n              <img decoding=\"async\" src=\"https:\/\/comtemp.com.pt\/wp-content\/uploads\/2022\/04\/brand-2.png\" alt=\"\">\n            <\/div>\n          \n                      <div class=\"logo-rows__content\">\n              <div class=\"logo-rows__title desktop\">\n                <h4>Salador<\/h4>\n              <\/div>\n              <div class=\"logo-rows__description logo-rows__description--full\">\n                <p>La marque SALADOR a \u00e9t\u00e9 cr\u00e9\u00e9e en 1988 pour r\u00e9pondre aux \u00e9volutions du march\u00e9 et a l\u2019exigence croissante d&#8217;une nouvelle g\u00e9n\u00e9ration de consommateurs, inquiets de leur bien-\u00eatre et d\u2019avoir un mode de vie sain avec des repas \u00e9quilibr\u00e9s, nutritifs et frais, tout en gardant la saveur et la qualit\u00e9 \u00e0 laquelle ils \u00e9taient habitu\u00e9s.<br \/>\r\n<br \/>\r\nGr\u00e2ce \u00e0 son nom accrocheur et facilement associ\u00e9 aux salades, la marque SALADOR est reconnue depuis quelques ann\u00e9es dans les PALOP&#8217;S,ayant d\u00e9j\u00e0 une expression commerciale significative sur ces march\u00e9s.<\/p>\n\n                              <\/div>\n            <\/div>\n                  <\/div>\n              <div class=\"logo-rows__item\">\n                      <div class=\"logo-rows__title mobile\">\n              <h4>Magos<\/h4>\n            <\/div>\n                                <div class=\"logo-rows__img\">\n              <img decoding=\"async\" src=\"https:\/\/comtemp.com.pt\/wp-content\/uploads\/2022\/04\/brand-3.png\" alt=\"\">\n            <\/div>\n          \n                      <div class=\"logo-rows__content\">\n              <div class=\"logo-rows__title desktop\">\n                <h4>Magos<\/h4>\n              <\/div>\n              <div class=\"logo-rows__description logo-rows__description--half\">\n                <p>En 1940, au cours de la seconde guerre mondiale, Mr. Ant\u00f3nio Marques Agostinho a import\u00e9 des \u00e9quipements et des technologies pour fabriquer des vins mousseux en utilisant la technique \u00ab innovante \u00bb connue sous le nom de \u00ab M\u00e9thode Charmat \u00bb. <br \/>\r\n<br \/>\r\nCette m\u00e9thode permet de produire des vins mousseux d&#8217;excellente qualit\u00e9, de fa\u00e7on plus rapide et plus \u00e9conomique.<br \/>\r\nLa nouvelle technologie a permis de servir les consommateurs avec des doses individuelles, car il n&#8217;y avait pas de vin mousseux disponible en bouteilles de 200 ml \u00e0 l&#8217;\u00e9poque. Le nouveau produit de vin mousseux MAGOS a \u00e9t\u00e9 lanc\u00e9.<br \/>\r\nMAGOS est un succ\u00e8s commercial au Portugal et au Br\u00e9sil depuis son lancement.<br \/>\r\n<br \/>\r\nQuarante-trois ans apr\u00e8s le lancement de MAGOS, on constate l&#8217;\u00e9volution du march\u00e9 sur le segment des vins p\u00e9tillant, quarante-trois ans apr\u00e8s le MAGOS original.<\/p>\n\n                                  <div class=\"logo-rows__link\">\n                    <a href=\"https:\/\/magos.com.pt\/\" class=\"btn\" target=\"_blank\">Ver site\n                      <svg xmlns=\"http:\/\/www.w3.org\/2000\/svg\" id=\"a\" width=\"138\" height=\"42\" viewBox=\"0 0 138 42\" preserveAspectRatio=\"none\" class=\"\">\n  <path d=\"M112.9,9.7L112.9,9.7c-1.5-0.6-2.9-1.2-4.5-1.7c-1.5-0.5-3.1-1-4.7-1.5s-3.2-0.9-4.8-1.3   c-1.6-0.4-3.3-0.7-4.9-1c-6.6-1.2-13.5-1.9-20.4-2.2c-3.5-0.1-6.9-0.2-10.4-0.2c-3.5,0-6.9,0.1-10.4,0.3C46,2.5,39.2,3.3,32.6,4.6   c-3.3,0.7-6.5,1.4-9.7,2.3c-3.1,0.9-6.1,2-8.9,3.2c-0.7,0.3-1.4,0.6-2,1c-0.3,0.2-0.7,0.3-1,0.5L10.5,12L10,12.2   c-0.6,0.4-1.2,0.8-1.8,1.1c-0.6,0.4-1.1,0.8-1.6,1.2c-0.5,0.4-0.9,0.9-1.4,1.3c-0.4,0.5-0.8,0.9-1.1,1.4s-0.5,1-0.7,1.5   c-0.2,0.5-0.3,1-0.3,1.5c0,0.5,0,1,0.1,1.5c0.1,0.5,0.3,1,0.5,1.5c0.5,1,1.2,2,2,2.9c1.8,1.8,4.2,3.4,6.8,4.7   c1.3,0.7,2.7,1.3,4.2,1.9c1.5,0.6,3,1.1,4.5,1.6c3.1,1,6.3,1.8,9.6,2.4c3.3,0.7,6.6,1.2,10,1.7c1.7,0.2,3.4,0.4,5.1,0.6   c1.7,0.2,3.4,0.3,5.2,0.4c3.4,0.2,6.9,0.4,10.4,0.5c3.5,0.1,6.9,0.1,10.4,0.1c6.9-0.1,13.9-0.3,20.8-1c1.7-0.2,3.4-0.3,5.1-0.5   s3.4-0.4,5.1-0.7c3.4-0.5,6.7-1.1,10-1.8s6.4-1.6,9.4-2.7c0.8-0.3,1.5-0.6,2.2-0.9c0.7-0.3,1.4-0.6,2.1-1c1.4-0.7,2.7-1.4,3.8-2.2   c1.2-0.8,2.2-1.7,3-2.6s1.5-1.9,1.8-3c0.4-1,0.4-2.1,0.2-3.2c-0.2-1.1-0.7-2.1-1.4-3.1c-0.7-1-1.6-1.9-2.6-2.8   c-1-0.9-2.1-1.8-3.3-2.6c-2.4-1.6-5.1-3.1-7.9-4.4s-5.8-2.5-8.8-3.6c-1.5-0.5-3.1-1-4.6-1.5c-1.6-0.5-3.2-0.9-4.8-1.3\" fill=\"none\" fill-rule=\"evenodd\" stroke=\"#e58e1a\" stroke-miterlimit=\"10\" stroke-width=\".5\"\/>\n\t<path d=\"M113.3,9.7c-1.5-0.6-2.9-1.2-4.5-1.7c-1.5-0.5-3.1-1-4.7-1.5s-3.2-0.9-4.8-1.3c-1.6-0.4-3.3-0.7-4.9-1   C87.8,2.9,80.9,2.2,74,1.9c-3.5-0.1-6.9-0.2-10.4-0.2c-3.5,0-6.9,0.1-10.4,0.3c-6.9,0.4-16.7,1.2-23.3,2.5   c-3.3,0.7-6.5,1.4-9.7,2.3c-3.1,0.9-6.1,2-8.9,3.2c-0.7,0.3-1.4,0.6-2,1c-0.3,0.2-0.7,0.3-1,0.5L7.8,12l-0.5,0.3   c-0.6,0.4-1.2,0.8-1.8,1.1C5,13.8,4.5,14.2,4,14.6c-0.5,0.4-1,0.9-1.4,1.3c-0.4,0.5-0.8,0.9-1.1,1.4s-0.5,1-0.7,1.5   c-0.2,0.5-0.3,1-0.3,1.5c0,0.5,0,1,0.1,1.5c0.1,0.5,0.3,1,0.5,1.5c0.5,1,1.2,2,2.1,2.9C5,28.1,7.4,29.7,10,31   c1.3,0.7,2.7,1.3,4.2,1.9c1.5,0.6,3,1.1,4.5,1.6c3.1,1,6.3,1.8,9.6,2.4c3.3,0.7,9.6,1.2,13,1.7c1.7,0.2,3.4,0.4,5.1,0.6   c1.7,0.2,3.4,0.3,5.2,0.4C55,39.8,58.5,40,62,40.1c3.5,0.1,6.9,0.1,10.4,0.1c6.9-0.1,13.9-0.3,20.8-1c1.7-0.2,3.4-0.3,5.1-0.5   s3.4-0.4,5.1-0.7c3.4-0.5,6.7-1.1,10-1.8c4.6-1,9.2-1.8,13.6-3.6c0.7-0.3,1.4-0.6,2.1-1c1.4-0.7,2.6-1.4,3.8-2.2   c1.2-0.8,2.2-1.7,3-2.6s1.5-1.9,1.8-3c0.4-1,0.4-2.1,0.2-3.2c-0.2-1.1-0.7-2.1-1.4-3.1c-0.7-1-1.6-1.9-2.6-2.8   c-1-0.9-2.1-1.8-3.3-2.6c-2.2-1.5-4.6-2.6-6.9-3.7c-2.8-1.3-5.6-2.4-8.5-3.4c-2.6-0.9-5.3-1.7-7.9-2.5c-1.6-0.5-3.2-0.9-4.8-1.3\" fill=\"none\" fill-rule=\"evenodd\" stroke=\"#e58e1a\" stroke-miterlimit=\"10\" stroke-width=\".5\"\/>\n<\/svg>\n                    <\/a>\n                  <\/div>\n                              <\/div>\n            <\/div>\n                  <\/div>\n              <div class=\"logo-rows__item\">\n                      <div class=\"logo-rows__title mobile\">\n              <h4>Cleanvi<\/h4>\n            <\/div>\n                                <div class=\"logo-rows__img\">\n              <img decoding=\"async\" src=\"https:\/\/comtemp.com.pt\/wp-content\/uploads\/2022\/04\/brand-4.png\" alt=\"\">\n            <\/div>\n          \n                      <div class=\"logo-rows__content\">\n              <div class=\"logo-rows__title desktop\">\n                <h4>Cleanvi<\/h4>\n              <\/div>\n              <div class=\"logo-rows__description logo-rows__description--full\">\n                <p>En plus d&#8217;\u00eatre utilis\u00e9 comme pour culinaire, le vinaigre est l&#8217;un des meilleurs et des plus puissants agents de nettoyage \u00e9cologiques et durables. Efficace contre toute sorte de salissure, il permet de d\u00e9sinfecter tout en emp\u00eachant la formation de moisissures et de bact\u00e9ries. Apprenez ainsi comment vous pouvez incorporer le vinaigre dans vos nettoyages quotidiens d\u2019une fa\u00e7on 100% \u00e9cologique.<\/p>\n\n                              <\/div>\n            <\/div>\n                  <\/div>\n              <div class=\"logo-rows__item\">\n                      <div class=\"logo-rows__title mobile\">\n              <h4>Private Labels<\/h4>\n            <\/div>\n                                <div class=\"logo-rows__img\">\n              <img decoding=\"async\" src=\"https:\/\/comtemp.com.pt\/wp-content\/uploads\/2022\/12\/private_labels-2.png\" alt=\"\">\n            <\/div>\n          \n                      <div class=\"logo-rows__content\">\n              <div class=\"logo-rows__title desktop\">\n                <h4>Private Labels<\/h4>\n              <\/div>\n              <div class=\"logo-rows__description logo-rows__description--full\">\n                <p>Le savoir-faire au niveau de l&#8217;emballage et l&#8217;\u00e9tiquetage de leurs propres marques dirig\u00e9 au consommateur, est utilis\u00e9 pour la conception de produits et d\u2019emballages d&#8217;autres marques appartenant \u00e0 d\u2019autres soci\u00e9t\u00e9s. Cette activit\u00e9 permet des gains d\u2019innovation et de vari\u00e9t\u00e9.<br \/>\r\n<br \/>\r\nLa pr\u00e9occupation de miser sur un emballage de qualit\u00e9 pour de diff\u00e9rents types de mat\u00e9riaux et de formats est clairement un souci permanent.<\/p>\n\n                              <\/div>\n            <\/div>\n                  <\/div>\n              <div class=\"logo-rows__item\">\n                      <div class=\"logo-rows__title mobile\">\n              <h4>Comtemp Industrial<\/h4>\n            <\/div>\n                                <div class=\"logo-rows__img\">\n              <img decoding=\"async\" src=\"https:\/\/comtemp.com.pt\/wp-content\/uploads\/2022\/04\/brand-7.png\" alt=\"\">\n            <\/div>\n          \n                      <div class=\"logo-rows__content\">\n              <div class=\"logo-rows__title desktop\">\n                <h4>Comtemp Industrial<\/h4>\n              <\/div>\n              <div class=\"logo-rows__description logo-rows__description--full\">\n                <p><\/p>\n\n                              <\/div>\n            <\/div>\n                  <\/div>\n            <\/div>\n<\/section>\n","protected":false},"excerpt":{"rendered":"","protected":false},"author":2,"featured_media":0,"parent":0,"menu_order":0,"comment_status":"closed","ping_status":"closed","template":"","meta":{"footnotes":""},"class_list":["post-1221","page","type-page","status-publish","hentry"],"yoast_head":"<!-- This site is optimized with the Yoast SEO plugin v18.3 - https:\/\/yoast.com\/wordpress\/plugins\/seo\/ -->\n<title>Nos marques - Comtemp<\/title>\n<meta name=\"robots\" content=\"index, follow, max-snippet:-1, max-image-preview:large, max-video-preview:-1\" \/>\n<link rel=\"canonical\" href=\"https:\/\/comtemp.com.pt\/fr\/nos-marques\/\" \/>\n<meta property=\"og:locale\" content=\"fr_FR\" \/>\n<meta property=\"og:type\" content=\"article\" \/>\n<meta property=\"og:title\" content=\"Nos marques - Comtemp\" \/>\n<meta property=\"og:url\" content=\"https:\/\/comtemp.com.pt\/fr\/nos-marques\/\" \/>\n<meta property=\"og:site_name\" content=\"Comtemp\" \/>\n<meta property=\"article:modified_time\" content=\"2023-03-08T18:07:38+00:00\" \/>\n<meta name=\"twitter:card\" content=\"summary_large_image\" \/>\n<script type=\"application\/ld+json\" class=\"yoast-schema-graph\">{\"@context\":\"https:\/\/schema.org\",\"@graph\":[{\"@type\":\"WebSite\",\"@id\":\"https:\/\/comtemp.com.pt\/#website\",\"url\":\"https:\/\/comtemp.com.pt\/\",\"name\":\"Comtemp\",\"description\":\"A Comtemp \u00e9 uma empresa de produtos de consumo, baseados e derivados de vinagre ou fermentados, orientada para sistemas alimentares de futuro e wellness. Descubra as nossas marcas e tudo o que podemos fazer pela sua!\",\"potentialAction\":[{\"@type\":\"SearchAction\",\"target\":{\"@type\":\"EntryPoint\",\"urlTemplate\":\"https:\/\/comtemp.com.pt\/?s={search_term_string}\"},\"query-input\":\"required name=search_term_string\"}],\"inLanguage\":\"fr-FR\"},{\"@type\":\"WebPage\",\"@id\":\"https:\/\/comtemp.com.pt\/fr\/nos-marques\/#webpage\",\"url\":\"https:\/\/comtemp.com.pt\/fr\/nos-marques\/\",\"name\":\"Nos marques - Comtemp\",\"isPartOf\":{\"@id\":\"https:\/\/comtemp.com.pt\/#website\"},\"datePublished\":\"2022-03-22T14:58:25+00:00\",\"dateModified\":\"2023-03-08T18:07:38+00:00\",\"breadcrumb\":{\"@id\":\"https:\/\/comtemp.com.pt\/fr\/nos-marques\/#breadcrumb\"},\"inLanguage\":\"fr-FR\",\"potentialAction\":[{\"@type\":\"ReadAction\",\"target\":[\"https:\/\/comtemp.com.pt\/fr\/nos-marques\/\"]}]},{\"@type\":\"BreadcrumbList\",\"@id\":\"https:\/\/comtemp.com.pt\/fr\/nos-marques\/#breadcrumb\",\"itemListElement\":[{\"@type\":\"ListItem\",\"position\":1,\"name\":\"In\u00edcio\",\"item\":\"https:\/\/comtemp.com.pt\/fr\/\"},{\"@type\":\"ListItem\",\"position\":2,\"name\":\"Nos marques\"}]}]}<\/script>\n<!-- \/ Yoast SEO plugin. -->","yoast_head_json":{"title":"Nos marques - Comtemp","robots":{"index":"index","follow":"follow","max-snippet":"max-snippet:-1","max-image-preview":"max-image-preview:large","max-video-preview":"max-video-preview:-1"},"canonical":"https:\/\/comtemp.com.pt\/fr\/nos-marques\/","og_locale":"fr_FR","og_type":"article","og_title":"Nos marques - Comtemp","og_url":"https:\/\/comtemp.com.pt\/fr\/nos-marques\/","og_site_name":"Comtemp","article_modified_time":"2023-03-08T18:07:38+00:00","twitter_card":"summary_large_image","schema":{"@context":"https:\/\/schema.org","@graph":[{"@type":"WebSite","@id":"https:\/\/comtemp.com.pt\/#website","url":"https:\/\/comtemp.com.pt\/","name":"Comtemp","description":"A Comtemp \u00e9 uma empresa de produtos de consumo, baseados e derivados de vinagre ou fermentados, orientada para sistemas alimentares de futuro e wellness. Descubra as nossas marcas e tudo o que podemos fazer pela sua!","potentialAction":[{"@type":"SearchAction","target":{"@type":"EntryPoint","urlTemplate":"https:\/\/comtemp.com.pt\/?s={search_term_string}"},"query-input":"required name=search_term_string"}],"inLanguage":"fr-FR"},{"@type":"WebPage","@id":"https:\/\/comtemp.com.pt\/fr\/nos-marques\/#webpage","url":"https:\/\/comtemp.com.pt\/fr\/nos-marques\/","name":"Nos marques - Comtemp","isPartOf":{"@id":"https:\/\/comtemp.com.pt\/#website"},"datePublished":"2022-03-22T14:58:25+00:00","dateModified":"2023-03-08T18:07:38+00:00","breadcrumb":{"@id":"https:\/\/comtemp.com.pt\/fr\/nos-marques\/#breadcrumb"},"inLanguage":"fr-FR","potentialAction":[{"@type":"ReadAction","target":["https:\/\/comtemp.com.pt\/fr\/nos-marques\/"]}]},{"@type":"BreadcrumbList","@id":"https:\/\/comtemp.com.pt\/fr\/nos-marques\/#breadcrumb","itemListElement":[{"@type":"ListItem","position":1,"name":"In\u00edcio","item":"https:\/\/comtemp.com.pt\/fr\/"},{"@type":"ListItem","position":2,"name":"Nos marques"}]}]}},"acf":[],"_links":{"self":[{"href":"https:\/\/comtemp.com.pt\/fr\/wp-json\/wp\/v2\/pages\/1221","targetHints":{"allow":["GET"]}}],"collection":[{"href":"https:\/\/comtemp.com.pt\/fr\/wp-json\/wp\/v2\/pages"}],"about":[{"href":"https:\/\/comtemp.com.pt\/fr\/wp-json\/wp\/v2\/types\/page"}],"author":[{"embeddable":true,"href":"https:\/\/comtemp.com.pt\/fr\/wp-json\/wp\/v2\/users\/2"}],"replies":[{"embeddable":true,"href":"https:\/\/comtemp.com.pt\/fr\/wp-json\/wp\/v2\/comments?post=1221"}],"version-history":[{"count":2,"href":"https:\/\/comtemp.com.pt\/fr\/wp-json\/wp\/v2\/pages\/1221\/revisions"}],"predecessor-version":[{"id":1224,"href":"https:\/\/comtemp.com.pt\/fr\/wp-json\/wp\/v2\/pages\/1221\/revisions\/1224"}],"wp:attachment":[{"href":"https:\/\/comtemp.com.pt\/fr\/wp-json\/wp\/v2\/media?parent=1221"}],"curies":[{"name":"wp","href":"https:\/\/api.w.org\/{rel}","templated":true}]}}